{"id":53,"date":"2021-01-20T14:17:11","date_gmt":"2021-01-20T14:17:11","guid":{"rendered":"http:\/\/localhost\/contact\/"},"modified":"2024-04-04T09:35:00","modified_gmt":"2024-04-04T09:35:00","slug":"contact","status":"publish","type":"page","link":"https:\/\/applifaction.com\/en\/contact\/","title":{"rendered":"Kontakt &#8211; Hier erh\u00e4lst du exzelenten Support f\u00fcr deinen Shopware 6 Onlineshop"},"content":{"rendered":"<div data-elementor-type=\"wp-page\" data-elementor-id=\"53\" class=\"elementor elementor-53\">\n\t\t\t\t\t\t<section class=\"elementor-section elementor-top-section elementor-element elementor-element-b2cfe68 elementor-section-boxed elementor-section-height-default elementor-section-height-default\" data-id=\"b2cfe68\" data-element_type=\"section\" data-settings=\"{&quot;background_background&quot;:&quot;gradient&quot;}\">\n\t\t\t\t\t\t<div class=\"elementor-container elementor-column-gap-wider\">\n\t\t\t\t\t<div class=\"elementor-column elementor-col-33 elementor-top-column elementor-element elementor-element-38652770\" data-id=\"38652770\" data-element_type=\"column\">\n\t\t\t<div class=\"elementor-widget-wrap\">\n\t\t\t\t\t\t\t<\/div>\n\t\t<\/div>\n\t\t\t\t<div class=\"elementor-column elementor-col-33 elementor-top-column elementor-element elementor-element-1082bf36\" data-id=\"1082bf36\" data-element_type=\"column\" data-settings=\"{&quot;background_background&quot;:&quot;classic&quot;}\">\n\t\t\t<div class=\"elementor-widget-wrap elementor-element-populated\">\n\t\t\t\t\t\t<div class=\"elementor-element elementor-element-4f9943ed elementor-invisible elementor-widget elementor-widget-image\" data-id=\"4f9943ed\" data-element_type=\"widget\" data-settings=\"{&quot;_animation&quot;:&quot;bounceIn&quot;}\" data-widget_type=\"image.default\">\n\t\t\t\t<div class=\"elementor-widget-container\">\n\t\t\t<style>\/*! elementor - v3.20.0 - 26-03-2024 *\/\n.elementor-widget-image{text-align:center}.elementor-widget-image a{display:inline-block}.elementor-widget-image a img[src$=\".svg\"]{width:48px}.elementor-widget-image img{vertical-align:middle;display:inline-block}<\/style>\t\t\t\t\t\t\t<figure class=\"wp-caption\">\n\t\t\t\t\t\t\t\t\t\t<img fetchpriority=\"high\" decoding=\"async\" width=\"1000\" height=\"1000\" src=\"https:\/\/applifaction.com\/wp-content\/uploads\/2024\/03\/Oliver-Ernst-Portrait-Singapur-Square-Centered-1755x1755-1-1024x1024.webp\" class=\"attachment-large size-large wp-image-2437 not-transparent\" alt=\"\" srcset=\"https:\/\/applifaction.com\/wp-content\/uploads\/2024\/03\/Oliver-Ernst-Portrait-Singapur-Square-Centered-1755x1755-1-1024x1024.webp 1024w, https:\/\/applifaction.com\/wp-content\/uploads\/2024\/03\/Oliver-Ernst-Portrait-Singapur-Square-Centered-1755x1755-1-300x300.webp 300w, https:\/\/applifaction.com\/wp-content\/uploads\/2024\/03\/Oliver-Ernst-Portrait-Singapur-Square-Centered-1755x1755-1-150x150.webp 150w, https:\/\/applifaction.com\/wp-content\/uploads\/2024\/03\/Oliver-Ernst-Portrait-Singapur-Square-Centered-1755x1755-1-768x768.webp 768w, https:\/\/applifaction.com\/wp-content\/uploads\/2024\/03\/Oliver-Ernst-Portrait-Singapur-Square-Centered-1755x1755-1-1536x1536.webp 1536w, https:\/\/applifaction.com\/wp-content\/uploads\/2024\/03\/Oliver-Ernst-Portrait-Singapur-Square-Centered-1755x1755-1-12x12.webp 12w, https:\/\/applifaction.com\/wp-content\/uploads\/2024\/03\/Oliver-Ernst-Portrait-Singapur-Square-Centered-1755x1755-1-650x650.webp 650w, https:\/\/applifaction.com\/wp-content\/uploads\/2024\/03\/Oliver-Ernst-Portrait-Singapur-Square-Centered-1755x1755-1-jpg.webp 1755w\" sizes=\"(max-width: 1000px) 100vw, 1000px\" data-has-transparency=\"false\" data-dominant-color=\"a49d79\" style=\"--dominant-color: #a49d79\" \/>\t\t\t\t\t\t\t\t\t\t\t<figcaption class=\"widget-image-caption wp-caption-text\"><\/figcaption>\n\t\t\t\t\t\t\t\t\t\t<\/figure>\n\t\t\t\t\t\t\t<\/div>\n\t\t\t\t<\/div>\n\t\t<div class=\"elementor-element elementor-element-1a27c8ca e-flex e-con-boxed e-con e-parent\" data-id=\"1a27c8ca\" data-element_type=\"container\" data-core-v316-plus=\"true\">\n\t\t\t\t\t<div class=\"e-con-inner\">\n\t\t\t\t<div class=\"elementor-element elementor-element-5871d4ad elementor-invisible elementor-widget elementor-widget-heading\" data-id=\"5871d4ad\" data-element_type=\"widget\" data-settings=\"{&quot;_animation&quot;:&quot;fadeIn&quot;,&quot;_animation_delay&quot;:200}\" data-widget_type=\"heading.default\">\n\t\t\t\t<div class=\"elementor-widget-container\">\n\t\t\t<style>\/*! elementor - v3.20.0 - 26-03-2024 *\/\n.elementor-heading-title{padding:0;margin:0;line-height:1}.elementor-widget-heading .elementor-heading-title[class*=elementor-size-]>a{color:inherit;font-size:inherit;line-height:inherit}.elementor-widget-heading .elementor-heading-title.elementor-size-small{font-size:15px}.elementor-widget-heading .elementor-heading-title.elementor-size-medium{font-size:19px}.elementor-widget-heading .elementor-heading-title.elementor-size-large{font-size:29px}.elementor-widget-heading .elementor-heading-title.elementor-size-xl{font-size:39px}.elementor-widget-heading .elementor-heading-title.elementor-size-xxl{font-size:59px}<\/style><h4 class=\"elementor-heading-title elementor-size-default\">Oliver Ernst<\/h4>\t\t<\/div>\n\t\t\t\t<\/div>\n\t\t\t\t<div class=\"elementor-element elementor-element-2f677d01 elementor-invisible elementor-widget elementor-widget-text-editor\" data-id=\"2f677d01\" data-element_type=\"widget\" data-settings=\"{&quot;_animation&quot;:&quot;fadeIn&quot;}\" data-widget_type=\"text-editor.default\">\n\t\t\t\t<div class=\"elementor-widget-container\">\n\t\t\t<style>\/*! elementor - v3.20.0 - 26-03-2024 *\/\n.elementor-widget-text-editor.elementor-drop-cap-view-stacked .elementor-drop-cap{background-color:#69727d;color:#fff}.elementor-widget-text-editor.elementor-drop-cap-view-framed .elementor-drop-cap{color:#69727d;border:3px solid;background-color:transparent}.elementor-widget-text-editor:not(.elementor-drop-cap-view-default) .elementor-drop-cap{margin-top:8px}.elementor-widget-text-editor:not(.elementor-drop-cap-view-default) .elementor-drop-cap-letter{width:1em;height:1em}.elementor-widget-text-editor .elementor-drop-cap{float:left;text-align:center;line-height:1;font-size:50px}.elementor-widget-text-editor .elementor-drop-cap-letter{display:inline-block}<\/style>\t\t\t\t<p>Software Architect &amp; Founder<\/p>\t\t\t\t\t\t<\/div>\n\t\t\t\t<\/div>\n\t\t<div class=\"elementor-element elementor-element-28d38d1 e-flex e-con-boxed e-con e-child\" data-id=\"28d38d1\" data-element_type=\"container\">\n\t\t\t\t\t<div class=\"e-con-inner\">\n\t\t<div class=\"elementor-element elementor-element-3fcb6bcd e-flex e-con-boxed e-con e-child\" data-id=\"3fcb6bcd\" data-element_type=\"container\">\n\t\t\t\t\t<div class=\"e-con-inner\">\n\t\t\t\t<div class=\"elementor-element elementor-element-5f22d809 elementor-widget elementor-widget-image\" data-id=\"5f22d809\" data-element_type=\"widget\" data-widget_type=\"image.default\">\n\t\t\t\t<div class=\"elementor-widget-container\">\n\t\t\t\t\t\t\t\t\t\t\t\t\t<img decoding=\"async\" width=\"18\" height=\"18\" src=\"https:\/\/applifaction.com\/wp-content\/uploads\/2024\/04\/Germany-Flag-Round-16x16-1.png\" class=\"attachment-large size-large wp-image-2604 has-transparency\" alt=\"\" srcset=\"https:\/\/applifaction.com\/wp-content\/uploads\/2024\/04\/Germany-Flag-Round-16x16-1.png 18w, https:\/\/applifaction.com\/wp-content\/uploads\/2024\/04\/Germany-Flag-Round-16x16-1-12x12.png 12w\" sizes=\"(max-width: 18px) 100vw, 18px\" data-has-transparency=\"true\" data-dominant-color=\"7a3c18\" style=\"--dominant-color: #7a3c18\" \/>\t\t\t\t\t\t\t\t\t\t\t\t\t<\/div>\n\t\t\t\t<\/div>\n\t\t\t\t<div class=\"elementor-element elementor-element-7609c42 elementor-widget elementor-widget-text-editor\" data-id=\"7609c42\" data-element_type=\"widget\" data-settings=\"{&quot;_animation&quot;:&quot;none&quot;,&quot;_animation_delay&quot;:500}\" data-widget_type=\"text-editor.default\">\n\t\t\t\t<div class=\"elementor-widget-container\">\n\t\t\t\t\t\t\t<p>Deutsch<\/p>\t\t\t\t\t\t<\/div>\n\t\t\t\t<\/div>\n\t\t\t\t\t<\/div>\n\t\t\t\t<\/div>\n\t\t<div class=\"elementor-element elementor-element-5a5f1eb e-flex e-con-boxed e-con e-child\" data-id=\"5a5f1eb\" data-element_type=\"container\">\n\t\t\t\t\t<div class=\"e-con-inner\">\n\t\t\t\t<div class=\"elementor-element elementor-element-691f7243 elementor-widget elementor-widget-image\" data-id=\"691f7243\" data-element_type=\"widget\" data-widget_type=\"image.default\">\n\t\t\t\t<div class=\"elementor-widget-container\">\n\t\t\t\t\t\t\t\t\t\t\t\t\t<img decoding=\"async\" width=\"18\" height=\"18\" src=\"https:\/\/applifaction.com\/wp-content\/uploads\/2024\/04\/English-Flag-Round-16x16-1.png\" class=\"attachment-large size-large wp-image-2605 has-transparency\" alt=\"\" srcset=\"https:\/\/applifaction.com\/wp-content\/uploads\/2024\/04\/English-Flag-Round-16x16-1.png 18w, https:\/\/applifaction.com\/wp-content\/uploads\/2024\/04\/English-Flag-Round-16x16-1-12x12.png 12w\" sizes=\"(max-width: 18px) 100vw, 18px\" data-has-transparency=\"true\" data-dominant-color=\"8e5863\" style=\"--dominant-color: #8e5863\" \/>\t\t\t\t\t\t\t\t\t\t\t\t\t<\/div>\n\t\t\t\t<\/div>\n\t\t\t\t<div class=\"elementor-element elementor-element-56be9012 elementor-widget elementor-widget-text-editor\" data-id=\"56be9012\" data-element_type=\"widget\" data-settings=\"{&quot;_animation&quot;:&quot;none&quot;,&quot;_animation_delay&quot;:500}\" data-widget_type=\"text-editor.default\">\n\t\t\t\t<div class=\"elementor-widget-container\">\n\t\t\t\t\t\t\t<p>English<\/p>\t\t\t\t\t\t<\/div>\n\t\t\t\t<\/div>\n\t\t\t\t\t<\/div>\n\t\t\t\t<\/div>\n\t\t\t\t\t<\/div>\n\t\t\t\t<\/div>\n\t\t\t\t<div class=\"elementor-element elementor-element-21263dbb elementor-widget elementor-widget-text-editor\" data-id=\"21263dbb\" data-element_type=\"widget\" data-settings=\"{&quot;_animation&quot;:&quot;none&quot;,&quot;_animation_delay&quot;:500}\" data-widget_type=\"text-editor.default\">\n\t\t\t\t<div class=\"elementor-widget-container\">\n\t\t\t\t\t\t\t<p>Bei Applifaction erh\u00e4ltst du mit einer Videoantwort exzellenten Support, der dich, zugeschnitten auf deinen Anwendungsfall, leicht verst\u00e4ndlich an dein Ziel bringt. Dies wird von unseren Kunden besonders wertgesch\u00e4tzt.<\/p>\t\t\t\t\t\t<\/div>\n\t\t\t\t<\/div>\n\t\t\t\t\t<\/div>\n\t\t\t\t<\/div>\n\t\t\t\t<div class=\"elementor-element elementor-element-5b3f5bb2 elementor-align-center elementor-invisible elementor-widget elementor-widget-button\" data-id=\"5b3f5bb2\" data-element_type=\"widget\" data-settings=\"{&quot;_animation&quot;:&quot;bounceIn&quot;,&quot;_animation_delay&quot;:200}\" data-widget_type=\"button.default\">\n\t\t\t\t<div class=\"elementor-widget-container\">\n\t\t\t\t\t<div class=\"elementor-button-wrapper\">\n\t\t\t<a class=\"elementor-button elementor-button-link elementor-size-sm\" href=\"mailto:hey@applifaction.com\">\n\t\t\t\t\t\t<span class=\"elementor-button-content-wrapper\">\n\t\t\t\t\t\t<span class=\"elementor-button-icon elementor-align-icon-left\">\n\t\t\t\t<svg aria-hidden=\"true\" class=\"e-font-icon-svg e-far-paper-plane\" viewbox=\"0 0 512 512\" xmlns=\"http:\/\/www.w3.org\/2000\/svg\"><path d=\"M440 6.5L24 246.4c-34.4 19.9-31.1 70.8 5.7 85.9L144 379.6V464c0 46.4 59.2 65.5 86.6 28.6l43.8-59.1 111.9 46.2c5.9 2.4 12.1 3.6 18.3 3.6 8.2 0 16.3-2.1 23.6-6.2 12.8-7.2 21.6-20 23.9-34.5l59.4-387.2c6.1-40.1-36.9-68.8-71.5-48.9zM192 464v-64.6l36.6 15.1L192 464zm212.6-28.7l-153.8-63.5L391 169.5c10.7-15.5-9.5-33.5-23.7-21.2L155.8 332.6 48 288 464 48l-59.4 387.3z\"><\/path><\/svg>\t\t\t<\/span>\n\t\t\t\t\t\t<span class=\"elementor-button-text\">hey@applifaction.com<\/span>\n\t\t<\/span>\n\t\t\t\t\t<\/a>\n\t\t<\/div>\n\t\t\t\t<\/div>\n\t\t\t\t<\/div>\n\t\t\t\t\t<\/div>\n\t\t<\/div>\n\t\t\t\t<div class=\"elementor-column elementor-col-33 elementor-top-column elementor-element elementor-element-ade3a10\" data-id=\"ade3a10\" data-element_type=\"column\">\n\t\t\t<div class=\"elementor-widget-wrap\">\n\t\t\t\t\t\t\t<\/div>\n\t\t<\/div>\n\t\t\t\t\t<\/div>\n\t\t<\/section>\n\t\t\t\t<\/div>","protected":false},"excerpt":{"rendered":"<p>Oliver Ernst Software Architect &amp; Founder Deutsch English Bei Applifaction erh\u00e4ltst du mit einer Videoantwort exzellenten Support, der dich, zugeschnitten auf deinen [&hellip;]<\/p>","protected":false},"author":1,"featured_media":2437,"parent":0,"menu_order":0,"comment_status":"closed","ping_status":"closed","template":"","meta":{"inline_featured_image":false,"footnotes":""},"class_list":["post-53","page","type-page","status-publish","has-post-thumbnail","hentry"],"yoast_head":"<!-- This site is optimized with the Yoast SEO plugin v27.5 - https:\/\/yoast.com\/product\/yoast-seo-wordpress\/ -->\n<title>Kontakt - Hier erh\u00e4lst du exzelenten Support f\u00fcr deinen Shopware 6 Onlineshop - Applifaction<\/title>\n<meta name=\"robots\" content=\"index, follow, max-snippet:-1, max-image-preview:large, max-video-preview:-1\" \/>\n<link rel=\"canonical\" href=\"https:\/\/applifaction.com\/en\/contact\/\" \/>\n<meta property=\"og:locale\" content=\"en_US\" \/>\n<meta property=\"og:type\" content=\"article\" \/>\n<meta property=\"og:title\" content=\"Kontakt - Hier erh\u00e4lst du exzelenten Support f\u00fcr deinen Shopware 6 Onlineshop - Applifaction\" \/>\n<meta property=\"og:description\" content=\"Oliver Ernst Software Architect &amp; Founder Deutsch English Bei Applifaction erh\u00e4ltst du mit einer Videoantwort exzellenten Support, der dich, zugeschnitten auf deinen [&hellip;]\" \/>\n<meta property=\"og:url\" content=\"https:\/\/applifaction.com\/en\/contact\/\" \/>\n<meta property=\"og:site_name\" content=\"Applifaction\" \/>\n<meta property=\"article:modified_time\" content=\"2024-04-04T09:35:00+00:00\" \/>\n<meta property=\"og:image\" content=\"https:\/\/applifaction.com\/wp-content\/uploads\/2024\/03\/Oliver-Ernst-Portrait-Singapur-Square-Centered-1755x1755-1-jpg.webp\" \/>\n\t<meta property=\"og:image:width\" content=\"1755\" \/>\n\t<meta property=\"og:image:height\" content=\"1755\" \/>\n\t<meta property=\"og:image:type\" content=\"image\/jpeg\" \/>\n<meta name=\"twitter:card\" content=\"summary_large_image\" \/>\n<meta name=\"twitter:label1\" content=\"Est. reading time\" \/>\n\t<meta name=\"twitter:data1\" content=\"1 minute\" \/>\n<script type=\"application\/ld+json\" class=\"yoast-schema-graph\">{\"@context\":\"https:\\\/\\\/schema.org\",\"@graph\":[{\"@type\":\"WebPage\",\"@id\":\"https:\\\/\\\/applifaction.com\\\/en\\\/contact\\\/\",\"url\":\"https:\\\/\\\/applifaction.com\\\/en\\\/contact\\\/\",\"name\":\"Kontakt - Hier erh\u00e4lst du exzelenten Support f\u00fcr deinen Shopware 6 Onlineshop - Applifaction\",\"isPartOf\":{\"@id\":\"https:\\\/\\\/applifaction.com\\\/de\\\/#website\"},\"primaryImageOfPage\":{\"@id\":\"https:\\\/\\\/applifaction.com\\\/en\\\/contact\\\/#primaryimage\"},\"image\":{\"@id\":\"https:\\\/\\\/applifaction.com\\\/en\\\/contact\\\/#primaryimage\"},\"thumbnailUrl\":\"https:\\\/\\\/applifaction.com\\\/wp-content\\\/uploads\\\/2024\\\/03\\\/Oliver-Ernst-Portrait-Singapur-Square-Centered-1755x1755-1-jpg.webp\",\"datePublished\":\"2021-01-20T14:17:11+00:00\",\"dateModified\":\"2024-04-04T09:35:00+00:00\",\"breadcrumb\":{\"@id\":\"https:\\\/\\\/applifaction.com\\\/en\\\/contact\\\/#breadcrumb\"},\"inLanguage\":\"en-US\",\"potentialAction\":[{\"@type\":\"ReadAction\",\"target\":[\"https:\\\/\\\/applifaction.com\\\/en\\\/contact\\\/\"]}]},{\"@type\":\"ImageObject\",\"inLanguage\":\"en-US\",\"@id\":\"https:\\\/\\\/applifaction.com\\\/en\\\/contact\\\/#primaryimage\",\"url\":\"https:\\\/\\\/applifaction.com\\\/wp-content\\\/uploads\\\/2024\\\/03\\\/Oliver-Ernst-Portrait-Singapur-Square-Centered-1755x1755-1-jpg.webp\",\"contentUrl\":\"https:\\\/\\\/applifaction.com\\\/wp-content\\\/uploads\\\/2024\\\/03\\\/Oliver-Ernst-Portrait-Singapur-Square-Centered-1755x1755-1-jpg.webp\",\"width\":1755,\"height\":1755},{\"@type\":\"BreadcrumbList\",\"@id\":\"https:\\\/\\\/applifaction.com\\\/en\\\/contact\\\/#breadcrumb\",\"itemListElement\":[{\"@type\":\"ListItem\",\"position\":1,\"name\":\"Home\",\"item\":\"https:\\\/\\\/applifaction.com\\\/de\\\/\"},{\"@type\":\"ListItem\",\"position\":2,\"name\":\"Kontakt &#8211; Hier erh\u00e4lst du exzelenten Support f\u00fcr deinen Shopware 6 Onlineshop\"}]},{\"@type\":\"WebSite\",\"@id\":\"https:\\\/\\\/applifaction.com\\\/de\\\/#website\",\"url\":\"https:\\\/\\\/applifaction.com\\\/de\\\/\",\"name\":\"Applifaction\",\"description\":\"Satisfying Shopware 6 Applifactions\",\"publisher\":{\"@id\":\"https:\\\/\\\/applifaction.com\\\/de\\\/#organization\"},\"potentialAction\":[{\"@type\":\"SearchAction\",\"target\":{\"@type\":\"EntryPoint\",\"urlTemplate\":\"https:\\\/\\\/applifaction.com\\\/de\\\/?s={search_term_string}\"},\"query-input\":{\"@type\":\"PropertyValueSpecification\",\"valueRequired\":true,\"valueName\":\"search_term_string\"}}],\"inLanguage\":\"en-US\"},{\"@type\":\"Organization\",\"@id\":\"https:\\\/\\\/applifaction.com\\\/de\\\/#organization\",\"name\":\"Applifaction\",\"url\":\"https:\\\/\\\/applifaction.com\\\/de\\\/\",\"logo\":{\"@type\":\"ImageObject\",\"inLanguage\":\"en-US\",\"@id\":\"https:\\\/\\\/applifaction.com\\\/de\\\/#\\\/schema\\\/logo\\\/image\\\/\",\"url\":\"\",\"contentUrl\":\"\",\"caption\":\"Applifaction\"},\"image\":{\"@id\":\"https:\\\/\\\/applifaction.com\\\/de\\\/#\\\/schema\\\/logo\\\/image\\\/\"}}]}<\/script>\n<!-- \/ Yoast SEO plugin. -->","yoast_head_json":{"title":"Kontakt - Hier erh\u00e4lst du exzelenten Support f\u00fcr deinen Shopware 6 Onlineshop - Applifaction","robots":{"index":"index","follow":"follow","max-snippet":"max-snippet:-1","max-image-preview":"max-image-preview:large","max-video-preview":"max-video-preview:-1"},"canonical":"https:\/\/applifaction.com\/en\/contact\/","og_locale":"en_US","og_type":"article","og_title":"Kontakt - Hier erh\u00e4lst du exzelenten Support f\u00fcr deinen Shopware 6 Onlineshop - Applifaction","og_description":"Oliver Ernst Software Architect &amp; Founder Deutsch English Bei Applifaction erh\u00e4ltst du mit einer Videoantwort exzellenten Support, der dich, zugeschnitten auf deinen [&hellip;]","og_url":"https:\/\/applifaction.com\/en\/contact\/","og_site_name":"Applifaction","article_modified_time":"2024-04-04T09:35:00+00:00","og_image":[{"width":1755,"height":1755,"url":"https:\/\/applifaction.com\/wp-content\/uploads\/2024\/03\/Oliver-Ernst-Portrait-Singapur-Square-Centered-1755x1755-1-jpg.webp","type":"image\/jpeg"}],"twitter_card":"summary_large_image","twitter_misc":{"Est. reading time":"1 minute"},"schema":{"@context":"https:\/\/schema.org","@graph":[{"@type":"WebPage","@id":"https:\/\/applifaction.com\/en\/contact\/","url":"https:\/\/applifaction.com\/en\/contact\/","name":"Kontakt - Hier erh\u00e4lst du exzelenten Support f\u00fcr deinen Shopware 6 Onlineshop - Applifaction","isPartOf":{"@id":"https:\/\/applifaction.com\/de\/#website"},"primaryImageOfPage":{"@id":"https:\/\/applifaction.com\/en\/contact\/#primaryimage"},"image":{"@id":"https:\/\/applifaction.com\/en\/contact\/#primaryimage"},"thumbnailUrl":"https:\/\/applifaction.com\/wp-content\/uploads\/2024\/03\/Oliver-Ernst-Portrait-Singapur-Square-Centered-1755x1755-1-jpg.webp","datePublished":"2021-01-20T14:17:11+00:00","dateModified":"2024-04-04T09:35:00+00:00","breadcrumb":{"@id":"https:\/\/applifaction.com\/en\/contact\/#breadcrumb"},"inLanguage":"en-US","potentialAction":[{"@type":"ReadAction","target":["https:\/\/applifaction.com\/en\/contact\/"]}]},{"@type":"ImageObject","inLanguage":"en-US","@id":"https:\/\/applifaction.com\/en\/contact\/#primaryimage","url":"https:\/\/applifaction.com\/wp-content\/uploads\/2024\/03\/Oliver-Ernst-Portrait-Singapur-Square-Centered-1755x1755-1-jpg.webp","contentUrl":"https:\/\/applifaction.com\/wp-content\/uploads\/2024\/03\/Oliver-Ernst-Portrait-Singapur-Square-Centered-1755x1755-1-jpg.webp","width":1755,"height":1755},{"@type":"BreadcrumbList","@id":"https:\/\/applifaction.com\/en\/contact\/#breadcrumb","itemListElement":[{"@type":"ListItem","position":1,"name":"Home","item":"https:\/\/applifaction.com\/de\/"},{"@type":"ListItem","position":2,"name":"Kontakt &#8211; Hier erh\u00e4lst du exzelenten Support f\u00fcr deinen Shopware 6 Onlineshop"}]},{"@type":"WebSite","@id":"https:\/\/applifaction.com\/de\/#website","url":"https:\/\/applifaction.com\/de\/","name":"Applifaction","description":"Satisfying Shopware 6 Applifactions","publisher":{"@id":"https:\/\/applifaction.com\/de\/#organization"},"potentialAction":[{"@type":"SearchAction","target":{"@type":"EntryPoint","urlTemplate":"https:\/\/applifaction.com\/de\/?s={search_term_string}"},"query-input":{"@type":"PropertyValueSpecification","valueRequired":true,"valueName":"search_term_string"}}],"inLanguage":"en-US"},{"@type":"Organization","@id":"https:\/\/applifaction.com\/de\/#organization","name":"Applifaction","url":"https:\/\/applifaction.com\/de\/","logo":{"@type":"ImageObject","inLanguage":"en-US","@id":"https:\/\/applifaction.com\/de\/#\/schema\/logo\/image\/","url":"","contentUrl":"","caption":"Applifaction"},"image":{"@id":"https:\/\/applifaction.com\/de\/#\/schema\/logo\/image\/"}}]}},"_links":{"self":[{"href":"https:\/\/applifaction.com\/en\/wp-json\/wp\/v2\/pages\/53","targetHints":{"allow":["GET"]}}],"collection":[{"href":"https:\/\/applifaction.com\/en\/wp-json\/wp\/v2\/pages"}],"about":[{"href":"https:\/\/applifaction.com\/en\/wp-json\/wp\/v2\/types\/page"}],"author":[{"embeddable":true,"href":"https:\/\/applifaction.com\/en\/wp-json\/wp\/v2\/users\/1"}],"replies":[{"embeddable":true,"href":"https:\/\/applifaction.com\/en\/wp-json\/wp\/v2\/comments?post=53"}],"version-history":[{"count":174,"href":"https:\/\/applifaction.com\/en\/wp-json\/wp\/v2\/pages\/53\/revisions"}],"predecessor-version":[{"id":2634,"href":"https:\/\/applifaction.com\/en\/wp-json\/wp\/v2\/pages\/53\/revisions\/2634"}],"wp:featuredmedia":[{"embeddable":true,"href":"https:\/\/applifaction.com\/en\/wp-json\/wp\/v2\/media\/2437"}],"wp:attachment":[{"href":"https:\/\/applifaction.com\/en\/wp-json\/wp\/v2\/media?parent=53"}],"curies":[{"name":"wp","href":"https:\/\/api.w.org\/{rel}","templated":true}]}}