{"id":266,"date":"2022-04-06T07:23:14","date_gmt":"2022-04-06T07:23:14","guid":{"rendered":"http:\/\/localhost\/?page_id=266"},"modified":"2025-03-23T14:29:06","modified_gmt":"2025-03-23T14:29:06","slug":"legal-notice","status":"publish","type":"page","link":"https:\/\/applifaction.com\/en\/legal-notice\/","title":{"rendered":"Legal notice"},"content":{"rendered":"<div data-elementor-type=\"wp-page\" data-elementor-id=\"266\" class=\"elementor elementor-266\">\n\t\t\t\t<div class=\"elementor-element elementor-element-1afd5df4 e-flex e-con-boxed e-con e-parent\" data-id=\"1afd5df4\" data-element_type=\"container\" data-core-v316-plus=\"true\">\n\t\t\t\t\t<div class=\"e-con-inner\">\n\t\t\t\t<div class=\"elementor-element elementor-element-2dc700c5 elementor-widget elementor-widget-text-editor\" data-id=\"2dc700c5\" data-element_type=\"widget\" data-widget_type=\"text-editor.default\">\n\t\t\t\t<div class=\"elementor-widget-container\">\n\t\t\t<style>\/*! elementor - v3.20.0 - 26-03-2024 *\/\n.elementor-widget-text-editor.elementor-drop-cap-view-stacked .elementor-drop-cap{background-color:#69727d;color:#fff}.elementor-widget-text-editor.elementor-drop-cap-view-framed .elementor-drop-cap{color:#69727d;border:3px solid;background-color:transparent}.elementor-widget-text-editor:not(.elementor-drop-cap-view-default) .elementor-drop-cap{margin-top:8px}.elementor-widget-text-editor:not(.elementor-drop-cap-view-default) .elementor-drop-cap-letter{width:1em;height:1em}.elementor-widget-text-editor .elementor-drop-cap{float:left;text-align:center;line-height:1;font-size:50px}.elementor-widget-text-editor .elementor-drop-cap-letter{display:inline-block}<\/style>\t\t\t\t<!-- wp:heading {\"level\":1} -->\n<h1 class=\"wp-block-heading\">Legal notice<\/h1>\n<!-- \/wp:heading --><!-- wp:heading -->\n<h2 class=\"wp-block-heading\">Angaben gem\u00e4\u00df \u00a7 5 TMG<\/h2>\n<!-- \/wp:heading --><!-- wp:paragraph -->\n<p>Oliver Ernst<br \/>Applifaction LLC<br \/>3401 N. MIAMI AVE., STE 230<br \/>FL 33127 Miami<br \/>United States<\/p>\n<!-- \/wp:paragraph --><!-- wp:heading -->\n<h2 class=\"wp-block-heading\">Verantwortlich f\u00fcr den Inhalt<\/h2>\n<!-- \/wp:heading --><!-- wp:paragraph -->\n<p>Oliver Ernst<br \/>Applifaction LLC<br \/>3401 N. MIAMI AVE., STE 230<br \/>FL 33127 Miami<br \/>United States<\/p>\n<!-- \/wp:paragraph --><!-- wp:heading -->\n<h2 class=\"wp-block-heading\">Kontakt<\/h2>\n<!-- \/wp:heading --><!-- wp:paragraph -->\n<p>Telefon: 015678 471805<br \/>E-Mail: <a href=\"mailto:hey@applifaction.com\">hey@applifaction.com<\/a><\/p>\n<!-- \/wp:paragraph --><!-- wp:heading -->\n<h2 class=\"wp-block-heading\">EU-Streitschlichtung<\/h2>\n<!-- \/wp:heading --><!-- wp:paragraph -->\n<p>Die Europ\u00e4ische Kommission stellt eine Plattform zur Online-Streitbeilegung (OS) bereit: <a href=\"https:\/\/ec.europa.eu\/consumers\/odr\/\" target=\"_blank\" rel=\"noreferrer noopener\">https:\/\/ec.europa.eu\/consumers\/odr\/<\/a>.<br \/>Unsere E-Mail-Adresse finden Sie oben im Impressum.<\/p>\n<!-- \/wp:paragraph --><!-- wp:heading -->\n<h2 class=\"wp-block-heading\">Verbraucher\u00adstreit\u00adbeilegung\/Universal\u00adschlichtungs\u00adstelle<\/h2>\n<!-- \/wp:heading --><!-- wp:paragraph -->\n<p>Wir sind nicht bereit oder verpflichtet, an Streitbeilegungsverfahren vor einer Verbraucherschlichtungsstelle teilzunehmen.<\/p>\n<!-- \/wp:paragraph --><!-- wp:paragraph -->\n<p>Quelle: <a href=\"https:\/\/www.e-recht24.de\/impressum-generator.html\">https:\/\/www.e-recht24.de\/impressum-generator.html<\/a><\/p>\n<!-- \/wp:paragraph --><!-- wp:heading -->\n<h2 class=\"wp-block-heading\">Haftungsausschluss (Disclaimer)<\/h2>\n<!-- \/wp:heading --><!-- wp:heading {\"level\":3} -->\n<h3 class=\"wp-block-heading\"><strong>Haftung f\u00fcr Inhalte<\/strong><\/h3>\n<!-- \/wp:heading --><!-- wp:paragraph -->\n<p>Als Diensteanbieter sind wir gem\u00e4\u00df \u00a7 7 Abs.1 TMG f\u00fcr eigene Inhalte auf diesen Seiten nach den allgemeinen Gesetzen verantwortlich. Nach \u00a7\u00a7 8 bis 10 TMG sind wir als Diensteanbieter jedoch nicht verpflichtet, \u00fcbermittelte oder gespeicherte fremde Informationen zu \u00fcberwachen oder nach Umst\u00e4nden zu forschen, die auf eine rechtswidrige T\u00e4tigkeit hinweisen. Verpflichtungen zur Entfernung oder Sperrung der Nutzung von Informationen nach den allgemeinen Gesetzen bleiben hiervon unber\u00fchrt. Eine diesbez\u00fcgliche Haftung ist jedoch erst ab dem Zeitpunkt der Kenntnis einer konkreten Rechtsverletzung m\u00f6glich. Bei Bekanntwerden von entsprechenden Rechtsverletzungen werden wir diese Inhalte umgehend entfernen.<\/p>\n<!-- \/wp:paragraph --><!-- wp:heading {\"level\":3} -->\n<h3 class=\"wp-block-heading\"><strong>Haftung f\u00fcr Links<\/strong><\/h3>\n<!-- \/wp:heading --><!-- wp:paragraph -->\n<p>Unser Angebot enth\u00e4lt Links zu externen Webseiten Dritter, auf deren Inhalte wir keinen Einfluss haben. Deshalb k\u00f6nnen wir f\u00fcr diese fremden Inhalte auch keine Gew\u00e4hr \u00fcbernehmen. F\u00fcr die Inhalte der verlinkten Seiten ist stets der jeweilige Anbieter oder Betreiber der Seiten verantwortlich. Die verlinkten Seiten wurden zum Zeitpunkt der Verlinkung auf m\u00f6gliche Rechtsverst\u00f6\u00dfe \u00fcberpr\u00fcft. Rechtswidrige Inhalte waren zum Zeitpunkt der Verlinkung nicht erkennbar. Eine permanente inhaltliche Kontrolle der verlinkten Seiten ist jedoch ohne konkrete Anhaltspunkte einer Rechtsverletzung nicht zumutbar. Bei Bekanntwerden von Rechtsverletzungen werden wir derartige Links umgehend entfernen.<\/p>\n<!-- \/wp:paragraph --><!-- wp:heading {\"level\":3} -->\n<h3 class=\"wp-block-heading\"><strong>Urheberrecht<\/strong><\/h3>\n<!-- \/wp:heading --><!-- wp:paragraph -->\n<p>Die durch die Seitenbetreiber erstellten Inhalte und Werke auf diesen Seiten unterliegen dem deutschen Urheberrecht. Die Vervielf\u00e4ltigung, Bearbeitung, Verbreitung und jede Art der Verwertung au\u00dferhalb der Grenzen des Urheberrechtes bed\u00fcrfen der schriftlichen Zustimmung des jeweiligen Autors bzw. Erstellers. Downloads und Kopien dieser Seite sind nur f\u00fcr den privaten, nicht kommerziellen Gebrauch gestattet. Soweit die Inhalte auf dieser Seite nicht vom Betreiber erstellt wurden, werden die Urheberrechte Dritter beachtet. Insbesondere werden Inhalte Dritter als solche gekennzeichnet. Sollten Sie trotzdem auf eine Urheberrechtsverletzung aufmerksam werden, bitten wir um einen entsprechenden Hinweis. Bei Bekanntwerden von Rechtsverletzungen werden wir derartige Inhalte umgehend entfernen.<\/p>\n<!-- \/wp:paragraph -->\t\t\t\t\t\t<\/div>\n\t\t\t\t<\/div>\n\t\t\t\t\t<\/div>\n\t\t\t\t<\/div>\n\t\t\t\t<\/div>","protected":false},"excerpt":{"rendered":"<p>Legal notice Angaben gem\u00e4\u00df \u00a7 5 TMG Oliver ErnstApplifaction LLC3401 N. MIAMI AVE., STE 230FL 33127 MiamiUnited States Verantwortlich f\u00fcr den Inhalt [&hellip;]<\/p>","protected":false},"author":1,"featured_media":0,"parent":0,"menu_order":0,"comment_status":"closed","ping_status":"closed","template":"","meta":{"inline_featured_image":false,"footnotes":""},"class_list":["post-266","page","type-page","status-publish","hentry"],"yoast_head":"<!-- This site is optimized with the Yoast SEO plugin v27.4 - https:\/\/yoast.com\/product\/yoast-seo-wordpress\/ -->\n<title>Legal notice - Applifaction<\/title>\n<meta name=\"robots\" content=\"index, follow, max-snippet:-1, max-image-preview:large, max-video-preview:-1\" \/>\n<link rel=\"canonical\" href=\"https:\/\/applifaction.com\/en\/legal-notice\/\" \/>\n<meta property=\"og:locale\" content=\"en_US\" \/>\n<meta property=\"og:type\" content=\"article\" \/>\n<meta property=\"og:title\" content=\"Legal notice - Applifaction\" \/>\n<meta property=\"og:description\" content=\"Legal notice Angaben gem\u00e4\u00df \u00a7 5 TMG Oliver ErnstApplifaction LLC3401 N. MIAMI AVE., STE 230FL 33127 MiamiUnited States Verantwortlich f\u00fcr den Inhalt [&hellip;]\" \/>\n<meta property=\"og:url\" content=\"https:\/\/applifaction.com\/en\/legal-notice\/\" \/>\n<meta property=\"og:site_name\" content=\"Applifaction\" \/>\n<meta property=\"article:modified_time\" content=\"2025-03-23T14:29:06+00:00\" \/>\n<meta name=\"twitter:card\" content=\"summary_large_image\" \/>\n<meta name=\"twitter:label1\" content=\"Est. reading time\" \/>\n\t<meta name=\"twitter:data1\" content=\"2 minutes\" \/>\n<script type=\"application\/ld+json\" class=\"yoast-schema-graph\">{\"@context\":\"https:\\\/\\\/schema.org\",\"@graph\":[{\"@type\":\"WebPage\",\"@id\":\"https:\\\/\\\/applifaction.com\\\/de\\\/legal-notice\\\/\",\"url\":\"https:\\\/\\\/applifaction.com\\\/de\\\/legal-notice\\\/\",\"name\":\"Legal notice - Applifaction\",\"isPartOf\":{\"@id\":\"https:\\\/\\\/applifaction.com\\\/de\\\/#website\"},\"datePublished\":\"2022-04-06T07:23:14+00:00\",\"dateModified\":\"2025-03-23T14:29:06+00:00\",\"breadcrumb\":{\"@id\":\"https:\\\/\\\/applifaction.com\\\/de\\\/legal-notice\\\/#breadcrumb\"},\"inLanguage\":\"en-US\",\"potentialAction\":[{\"@type\":\"ReadAction\",\"target\":[\"https:\\\/\\\/applifaction.com\\\/de\\\/legal-notice\\\/\"]}]},{\"@type\":\"BreadcrumbList\",\"@id\":\"https:\\\/\\\/applifaction.com\\\/de\\\/legal-notice\\\/#breadcrumb\",\"itemListElement\":[{\"@type\":\"ListItem\",\"position\":1,\"name\":\"Home\",\"item\":\"https:\\\/\\\/applifaction.com\\\/de\\\/\"},{\"@type\":\"ListItem\",\"position\":2,\"name\":\"Legal notice\"}]},{\"@type\":\"WebSite\",\"@id\":\"https:\\\/\\\/applifaction.com\\\/de\\\/#website\",\"url\":\"https:\\\/\\\/applifaction.com\\\/de\\\/\",\"name\":\"Applifaction\",\"description\":\"Satisfying Shopware 6 Applifactions\",\"publisher\":{\"@id\":\"https:\\\/\\\/applifaction.com\\\/de\\\/#organization\"},\"potentialAction\":[{\"@type\":\"SearchAction\",\"target\":{\"@type\":\"EntryPoint\",\"urlTemplate\":\"https:\\\/\\\/applifaction.com\\\/de\\\/?s={search_term_string}\"},\"query-input\":{\"@type\":\"PropertyValueSpecification\",\"valueRequired\":true,\"valueName\":\"search_term_string\"}}],\"inLanguage\":\"en-US\"},{\"@type\":\"Organization\",\"@id\":\"https:\\\/\\\/applifaction.com\\\/de\\\/#organization\",\"name\":\"Applifaction\",\"url\":\"https:\\\/\\\/applifaction.com\\\/de\\\/\",\"logo\":{\"@type\":\"ImageObject\",\"inLanguage\":\"en-US\",\"@id\":\"https:\\\/\\\/applifaction.com\\\/de\\\/#\\\/schema\\\/logo\\\/image\\\/\",\"url\":\"\",\"contentUrl\":\"\",\"caption\":\"Applifaction\"},\"image\":{\"@id\":\"https:\\\/\\\/applifaction.com\\\/de\\\/#\\\/schema\\\/logo\\\/image\\\/\"}}]}<\/script>\n<!-- \/ Yoast SEO plugin. -->","yoast_head_json":{"title":"Legal notice - Applifaction","robots":{"index":"index","follow":"follow","max-snippet":"max-snippet:-1","max-image-preview":"max-image-preview:large","max-video-preview":"max-video-preview:-1"},"canonical":"https:\/\/applifaction.com\/en\/legal-notice\/","og_locale":"en_US","og_type":"article","og_title":"Legal notice - Applifaction","og_description":"Legal notice Angaben gem\u00e4\u00df \u00a7 5 TMG Oliver ErnstApplifaction LLC3401 N. MIAMI AVE., STE 230FL 33127 MiamiUnited States Verantwortlich f\u00fcr den Inhalt [&hellip;]","og_url":"https:\/\/applifaction.com\/en\/legal-notice\/","og_site_name":"Applifaction","article_modified_time":"2025-03-23T14:29:06+00:00","twitter_card":"summary_large_image","twitter_misc":{"Est. reading time":"2 minutes"},"schema":{"@context":"https:\/\/schema.org","@graph":[{"@type":"WebPage","@id":"https:\/\/applifaction.com\/de\/legal-notice\/","url":"https:\/\/applifaction.com\/de\/legal-notice\/","name":"Legal notice - Applifaction","isPartOf":{"@id":"https:\/\/applifaction.com\/de\/#website"},"datePublished":"2022-04-06T07:23:14+00:00","dateModified":"2025-03-23T14:29:06+00:00","breadcrumb":{"@id":"https:\/\/applifaction.com\/de\/legal-notice\/#breadcrumb"},"inLanguage":"en-US","potentialAction":[{"@type":"ReadAction","target":["https:\/\/applifaction.com\/de\/legal-notice\/"]}]},{"@type":"BreadcrumbList","@id":"https:\/\/applifaction.com\/de\/legal-notice\/#breadcrumb","itemListElement":[{"@type":"ListItem","position":1,"name":"Home","item":"https:\/\/applifaction.com\/de\/"},{"@type":"ListItem","position":2,"name":"Legal notice"}]},{"@type":"WebSite","@id":"https:\/\/applifaction.com\/de\/#website","url":"https:\/\/applifaction.com\/de\/","name":"Applifaction","description":"Satisfying Shopware 6 Applifactions","publisher":{"@id":"https:\/\/applifaction.com\/de\/#organization"},"potentialAction":[{"@type":"SearchAction","target":{"@type":"EntryPoint","urlTemplate":"https:\/\/applifaction.com\/de\/?s={search_term_string}"},"query-input":{"@type":"PropertyValueSpecification","valueRequired":true,"valueName":"search_term_string"}}],"inLanguage":"en-US"},{"@type":"Organization","@id":"https:\/\/applifaction.com\/de\/#organization","name":"Applifaction","url":"https:\/\/applifaction.com\/de\/","logo":{"@type":"ImageObject","inLanguage":"en-US","@id":"https:\/\/applifaction.com\/de\/#\/schema\/logo\/image\/","url":"","contentUrl":"","caption":"Applifaction"},"image":{"@id":"https:\/\/applifaction.com\/de\/#\/schema\/logo\/image\/"}}]}},"_links":{"self":[{"href":"https:\/\/applifaction.com\/en\/wp-json\/wp\/v2\/pages\/266","targetHints":{"allow":["GET"]}}],"collection":[{"href":"https:\/\/applifaction.com\/en\/wp-json\/wp\/v2\/pages"}],"about":[{"href":"https:\/\/applifaction.com\/en\/wp-json\/wp\/v2\/types\/page"}],"author":[{"embeddable":true,"href":"https:\/\/applifaction.com\/en\/wp-json\/wp\/v2\/users\/1"}],"replies":[{"embeddable":true,"href":"https:\/\/applifaction.com\/en\/wp-json\/wp\/v2\/comments?post=266"}],"version-history":[{"count":16,"href":"https:\/\/applifaction.com\/en\/wp-json\/wp\/v2\/pages\/266\/revisions"}],"predecessor-version":[{"id":3099,"href":"https:\/\/applifaction.com\/en\/wp-json\/wp\/v2\/pages\/266\/revisions\/3099"}],"wp:attachment":[{"href":"https:\/\/applifaction.com\/en\/wp-json\/wp\/v2\/media?parent=266"}],"curies":[{"name":"wp","href":"https:\/\/api.w.org\/{rel}","templated":true}]}}